{"id":2857,"date":"2023-02-01T01:37:43","date_gmt":"2023-01-31T20:37:43","guid":{"rendered":"https:\/\/bluesliving.com\/?page_id=2857"},"modified":"2023-02-01T01:43:20","modified_gmt":"2023-01-31T20:43:20","slug":"frases-utiles","status":"publish","type":"page","link":"https:\/\/bluessuitesmedellin.com\/fr\/phrases-utiles\/","title":{"rendered":"Phrases utiles"},"content":{"rendered":"<div data-elementor-type=\"wp-page\" data-elementor-id=\"2857\" class=\"elementor elementor-2857\">\n\t\t\t\t\t\t<section class=\"elementor-section elementor-top-section elementor-element elementor-element-62a3886 elementor-section-boxed elementor-section-height-default elementor-section-height-default\" data-id=\"62a3886\" data-element_type=\"section\" data-e-type=\"section\">\n\t\t\t\t\t\t<div class=\"elementor-container elementor-column-gap-default\">\n\t\t\t\t\t<div class=\"elementor-column elementor-col-100 elementor-top-column elementor-element elementor-element-8fb790c\" data-id=\"8fb790c\" data-element_type=\"column\" data-e-type=\"column\">\n\t\t\t<div class=\"elementor-widget-wrap elementor-element-populated\">\n\t\t\t\t\t\t<div class=\"elementor-element elementor-element-07ae17d elementor-widget elementor-widget-heading\" data-id=\"07ae17d\" data-element_type=\"widget\" data-e-type=\"widget\" data-widget_type=\"heading.default\">\n\t\t\t\t<div class=\"elementor-widget-container\">\n\t\t\t\t\t<h4 class=\"elementor-heading-title elementor-size-default\">Phrases de voyage utiles en espagnol que tout voyageur devrait apprendre<\/h4>\t\t\t\t<\/div>\n\t\t\t\t<\/div>\n\t\t\t\t<section class=\"elementor-section elementor-inner-section elementor-element elementor-element-001f831 elementor-section-boxed elementor-section-height-default elementor-section-height-default\" data-id=\"001f831\" data-element_type=\"section\" data-e-type=\"section\">\n\t\t\t\t\t\t<div class=\"elementor-container elementor-column-gap-default\">\n\t\t\t\t\t<div class=\"elementor-column elementor-col-100 elementor-inner-column elementor-element elementor-element-e7ecd9c\" data-id=\"e7ecd9c\" data-element_type=\"column\" data-e-type=\"column\">\n\t\t\t<div class=\"elementor-widget-wrap elementor-element-populated\">\n\t\t\t\t\t\t<div class=\"elementor-element elementor-element-86f3f8c elementor-widget elementor-widget-text-editor\" data-id=\"86f3f8c\" data-element_type=\"widget\" data-e-type=\"widget\" data-widget_type=\"text-editor.default\">\n\t\t\t\t<div class=\"elementor-widget-container\">\n\t\t\t\t\t\t\t\t\t<div class=\"text\"><div class=\"time\">Si vous planifiez un voyage dans un pays hispanophone mais que vous ne connaissez pas l'espagnol, ne vous inqui\u00e9tez pas Blues Living Suites vous couvre. Vous trouverez ci-dessous des phrases qui faciliteront votre s\u00e9jour \u00e0 Medellin, en Colombie.<\/div><\/div>\t\t\t\t\t\t\t\t<\/div>\n\t\t\t\t<\/div>\n\t\t\t\t\t<\/div>\n\t\t<\/div>\n\t\t\t\t\t<\/div>\n\t\t<\/section>\n\t\t\t\t\t<\/div>\n\t\t<\/div>\n\t\t\t\t\t<\/div>\n\t\t<\/section>\n\t\t\t\t<section class=\"elementor-section elementor-top-section elementor-element elementor-element-ecb20b8 elementor-section-boxed elementor-section-height-default elementor-section-height-default\" data-id=\"ecb20b8\" data-element_type=\"section\" data-e-type=\"section\">\n\t\t\t\t\t\t<div class=\"elementor-container elementor-column-gap-default\">\n\t\t\t\t\t<div class=\"elementor-column elementor-col-100 elementor-top-column elementor-element elementor-element-24348f7\" data-id=\"24348f7\" data-element_type=\"column\" data-e-type=\"column\">\n\t\t\t<div class=\"elementor-widget-wrap elementor-element-populated\">\n\t\t\t\t\t\t<div class=\"elementor-element elementor-element-6e22cd4 elementor-widget elementor-widget-heading\" data-id=\"6e22cd4\" data-element_type=\"widget\" data-e-type=\"widget\" data-widget_type=\"heading.default\">\n\t\t\t\t<div class=\"elementor-widget-container\">\n\t\t\t\t\t<h4 class=\"elementor-heading-title elementor-size-default\">Salutations et phrases de base en espagnol<\/h4>\t\t\t\t<\/div>\n\t\t\t\t<\/div>\n\t\t\t\t<section class=\"elementor-section elementor-inner-section elementor-element elementor-element-478ace1 elementor-section-boxed elementor-section-height-default elementor-section-height-default\" data-id=\"478ace1\" data-element_type=\"section\" data-e-type=\"section\">\n\t\t\t\t\t\t<div class=\"elementor-container elementor-column-gap-default\">\n\t\t\t\t\t<div class=\"elementor-column elementor-col-100 elementor-inner-column elementor-element elementor-element-11896e7\" data-id=\"11896e7\" data-element_type=\"column\" data-e-type=\"column\">\n\t\t\t<div class=\"elementor-widget-wrap elementor-element-populated\">\n\t\t\t\t\t\t<div class=\"elementor-element elementor-element-b082adc elementor-widget elementor-widget-text-editor\" data-id=\"b082adc\" data-element_type=\"widget\" data-e-type=\"widget\" data-widget_type=\"text-editor.default\">\n\t\t\t\t<div class=\"elementor-widget-container\">\n\t\t\t\t\t\t\t\t\t<div class=\"text\"><div class=\"time\"><a href=\"http:\/\/bluesliving.com\/wp-content\/uploads\/2022\/01\/Hola.mp3\" target=\"_blank\" rel=\"noopener\">Bonjour<\/a><\/div><div><em>(OH-lah)<\/em><\/div><div>Bonjour<\/div><\/div>\t\t\t\t\t\t\t\t<\/div>\n\t\t\t\t<\/div>\n\t\t\t\t\t<\/div>\n\t\t<\/div>\n\t\t\t\t\t<\/div>\n\t\t<\/section>\n\t\t\t\t\t<\/div>\n\t\t<\/div>\n\t\t\t\t\t<\/div>\n\t\t<\/section>\n\t\t\t\t<section class=\"elementor-section elementor-top-section elementor-element elementor-element-b38746d elementor-section-boxed elementor-section-height-default elementor-section-height-default\" data-id=\"b38746d\" data-element_type=\"section\" data-e-type=\"section\">\n\t\t\t\t\t\t<div class=\"elementor-container elementor-column-gap-default\">\n\t\t\t\t\t<div class=\"elementor-column elementor-col-100 elementor-top-column elementor-element elementor-element-fef02d2\" data-id=\"fef02d2\" data-element_type=\"column\" data-e-type=\"column\">\n\t\t\t<div class=\"elementor-widget-wrap elementor-element-populated\">\n\t\t\t\t\t\t<div class=\"elementor-element elementor-element-be435de elementor-widget elementor-widget-heading\" data-id=\"be435de\" data-element_type=\"widget\" data-e-type=\"widget\" data-widget_type=\"heading.default\">\n\t\t\t\t<div class=\"elementor-widget-container\">\n\t\t\t\t\t<h4 class=\"elementor-heading-title elementor-size-default\">R\u00e8gles relatives aux revenus<\/h4>\t\t\t\t<\/div>\n\t\t\t\t<\/div>\n\t\t\t\t<section class=\"elementor-section elementor-inner-section elementor-element elementor-element-0b3bbe9 elementor-section-boxed elementor-section-height-default elementor-section-height-default\" data-id=\"0b3bbe9\" data-element_type=\"section\" data-e-type=\"section\">\n\t\t\t\t\t\t<div class=\"elementor-container elementor-column-gap-default\">\n\t\t\t\t\t<div class=\"elementor-column elementor-col-50 elementor-inner-column elementor-element elementor-element-1c67835\" data-id=\"1c67835\" data-element_type=\"column\" data-e-type=\"column\">\n\t\t\t<div class=\"elementor-widget-wrap elementor-element-populated\">\n\t\t\t\t\t\t<div class=\"elementor-element elementor-element-cc9409b elementor-widget elementor-widget-text-editor\" data-id=\"cc9409b\" data-element_type=\"widget\" data-e-type=\"widget\" data-widget_type=\"text-editor.default\">\n\t\t\t\t<div class=\"elementor-widget-container\">\n\t\t\t\t\t\t\t\t\t<p>CHECK IN<\/p>\t\t\t\t\t\t\t\t<\/div>\n\t\t\t\t<\/div>\n\t\t\t\t<div class=\"elementor-element elementor-element-50484d0 elementor-widget elementor-widget-text-editor\" data-id=\"50484d0\" data-element_type=\"widget\" data-e-type=\"widget\" data-widget_type=\"text-editor.default\">\n\t\t\t\t<div class=\"elementor-widget-container\">\n\t\t\t\t\t\t\t\t\t<div class=\"text\"><div class=\"time\">Enregistrement \u00e0 partir de 15h00 (GMT -5)<\/div><div class=\"subject\">Revenu avanc\u00e9 sous r\u00e9serve de disponibilit\u00e9<\/div><\/div>\t\t\t\t\t\t\t\t<\/div>\n\t\t\t\t<\/div>\n\t\t\t\t\t<\/div>\n\t\t<\/div>\n\t\t\t\t<div class=\"elementor-column elementor-col-50 elementor-inner-column elementor-element elementor-element-8e61e02\" data-id=\"8e61e02\" data-element_type=\"column\" data-e-type=\"column\">\n\t\t\t<div class=\"elementor-widget-wrap elementor-element-populated\">\n\t\t\t\t\t\t<div class=\"elementor-element elementor-element-18b8bf8 elementor-widget elementor-widget-text-editor\" data-id=\"18b8bf8\" data-element_type=\"widget\" data-e-type=\"widget\" data-widget_type=\"text-editor.default\">\n\t\t\t\t<div class=\"elementor-widget-container\">\n\t\t\t\t\t\t\t\t\t<p>V\u00c9RIFIER<\/p>\t\t\t\t\t\t\t\t<\/div>\n\t\t\t\t<\/div>\n\t\t\t\t<div class=\"elementor-element elementor-element-eb37e4f elementor-widget elementor-widget-text-editor\" data-id=\"eb37e4f\" data-element_type=\"widget\" data-e-type=\"widget\" data-widget_type=\"text-editor.default\">\n\t\t\t\t<div class=\"elementor-widget-container\">\n\t\t\t\t\t\t\t\t\t<div class=\"text\"><div class=\"time\"><div class=\"time\">D\u00e9part jusqu'\u00e0 13h00 (GMT -5)<\/div><div>D\u00e9part tardif jusqu'\u00e0 14h00 (GMT -5)<\/div><div class=\"subject\">et aura un co\u00fbt suppl\u00e9mentaire<\/div><\/div><\/div>\t\t\t\t\t\t\t\t<\/div>\n\t\t\t\t<\/div>\n\t\t\t\t\t<\/div>\n\t\t<\/div>\n\t\t\t\t\t<\/div>\n\t\t<\/section>\n\t\t\t\t<div class=\"elementor-element elementor-element-e8894c0 elementor-widget elementor-widget-text-editor\" data-id=\"e8894c0\" data-element_type=\"widget\" data-e-type=\"widget\" data-widget_type=\"text-editor.default\">\n\t\t\t\t<div class=\"elementor-widget-container\">\n\t\t\t\t\t\t\t\t\t<div class=\"text\"><div class=\"time\">Lors de votre enregistrement, il vous sera demand\u00e9 de pr\u00e9senter votre pi\u00e8ce d'identit\u00e9 (carte d'identit\u00e9 ou passeport) qui sera scann\u00e9e et il vous sera demand\u00e9 de signer un registre de l'h\u00f4tel.<\/div><\/div>\t\t\t\t\t\t\t\t<\/div>\n\t\t\t\t<\/div>\n\t\t\t\t\t<\/div>\n\t\t<\/div>\n\t\t\t\t\t<\/div>\n\t\t<\/section>\n\t\t\t\t<\/div>","protected":false},"excerpt":{"rendered":"<p>Useful Spanish Travel Phrases Every Traveler Should Learn Si estas planeando un viaje a un pais de habla hispana pero no sabes espa\u00f1ol, no te preocupes que en Blues Living Suites te tenemos cubierto. A continuacion podras encontrar fraces que van a facilitar tu estadia en Medellin, Colombia. Basic Spanish Greetings and Phrases Hola(OH-lah)Hi Reglas [&hellip;]<\/p>\n","protected":false},"author":2,"featured_media":0,"parent":0,"menu_order":0,"comment_status":"closed","ping_status":"closed","template":"","meta":{"_eb_attr":"","footnotes":""},"class_list":["post-2857","page","type-page","status-publish","hentry"],"_links":{"self":[{"href":"https:\/\/bluessuitesmedellin.com\/fr\/wp-json\/wp\/v2\/pages\/2857","targetHints":{"allow":["GET"]}}],"collection":[{"href":"https:\/\/bluessuitesmedellin.com\/fr\/wp-json\/wp\/v2\/pages"}],"about":[{"href":"https:\/\/bluessuitesmedellin.com\/fr\/wp-json\/wp\/v2\/types\/page"}],"author":[{"embeddable":true,"href":"https:\/\/bluessuitesmedellin.com\/fr\/wp-json\/wp\/v2\/users\/2"}],"replies":[{"embeddable":true,"href":"https:\/\/bluessuitesmedellin.com\/fr\/wp-json\/wp\/v2\/comments?post=2857"}],"version-history":[{"count":7,"href":"https:\/\/bluessuitesmedellin.com\/fr\/wp-json\/wp\/v2\/pages\/2857\/revisions"}],"predecessor-version":[{"id":2865,"href":"https:\/\/bluessuitesmedellin.com\/fr\/wp-json\/wp\/v2\/pages\/2857\/revisions\/2865"}],"wp:attachment":[{"href":"https:\/\/bluessuitesmedellin.com\/fr\/wp-json\/wp\/v2\/media?parent=2857"}],"curies":[{"name":"wp","href":"https:\/\/api.w.org\/{rel}","templated":true}]}}